{"id":83,"date":"2021-02-01T16:53:26","date_gmt":"2021-02-01T15:53:26","guid":{"rendered":"https:\/\/dd4p.wordpress.com\/?page_id=83"},"modified":"2022-04-14T10:11:28","modified_gmt":"2022-04-14T08:11:28","slug":"contact","status":"publish","type":"page","link":"https:\/\/dd4p.gesis.org\/index.php\/contact\/","title":{"rendered":"Contact"},"content":{"rendered":"\t\t<div data-elementor-type=\"wp-page\" data-elementor-id=\"83\" class=\"elementor elementor-83\">\n\t\t\t\t\t\t<section class=\"elementor-section elementor-top-section elementor-element elementor-element-cee3f70 elementor-section-boxed elementor-section-height-default elementor-section-height-default\" data-id=\"cee3f70\" data-element_type=\"section\" data-e-type=\"section\">\n\t\t\t\t\t\t<div class=\"elementor-container elementor-column-gap-default\">\n\t\t\t\t\t<div class=\"elementor-column elementor-col-100 elementor-top-column elementor-element elementor-element-08f7a39\" data-id=\"08f7a39\" data-element_type=\"column\" data-e-type=\"column\">\n\t\t\t<div class=\"elementor-widget-wrap elementor-element-populated\">\n\t\t\t\t\t\t<div class=\"elementor-element elementor-element-c63a465 elementor-widget elementor-widget-google_maps\" data-id=\"c63a465\" data-element_type=\"widget\" data-e-type=\"widget\" data-widget_type=\"google_maps.default\">\n\t\t\t\t<div class=\"elementor-widget-container\">\n\t\t\t\t\t\t\t<div class=\"elementor-custom-embed\">\n\t\t\t<iframe loading=\"lazy\"\n\t\t\t\t\tsrc=\"https:\/\/maps.google.com\/maps?q=heinrich%20heine%20universit%C3%A4t%2C%20d%C3%BCsseldorf%2C%20germany&#038;t=m&#038;z=10&#038;output=embed&#038;iwloc=near\"\n\t\t\t\t\ttitle=\"heinrich heine universit\u00e4t, d\u00fcsseldorf, germany\"\n\t\t\t\t\taria-label=\"heinrich heine universit\u00e4t, d\u00fcsseldorf, germany\"\n\t\t\t><\/iframe>\n\t\t<\/div>\n\t\t\t\t\t\t<\/div>\n\t\t\t\t<\/div>\n\t\t\t\t\t<\/div>\n\t\t<\/div>\n\t\t\t\t\t<\/div>\n\t\t<\/section>\n\t\t\t\t<section class=\"elementor-section elementor-top-section elementor-element elementor-element-8f1eeb7 elementor-section-boxed elementor-section-height-default elementor-section-height-default\" data-id=\"8f1eeb7\" data-element_type=\"section\" data-e-type=\"section\">\n\t\t\t\t\t\t<div class=\"elementor-container elementor-column-gap-default\">\n\t\t\t\t\t<div class=\"elementor-column elementor-col-50 elementor-top-column elementor-element elementor-element-f7be36d\" data-id=\"f7be36d\" data-element_type=\"column\" data-e-type=\"column\">\n\t\t\t<div class=\"elementor-widget-wrap elementor-element-populated\">\n\t\t\t\t\t\t<div class=\"elementor-element elementor-element-d9c594d elementor-widget elementor-widget-text-editor\" data-id=\"d9c594d\" data-element_type=\"widget\" data-e-type=\"widget\" data-widget_type=\"text-editor.default\">\n\t\t\t\t<div class=\"elementor-widget-container\">\n\t\t\t\t\t\t\t\t\t<p><a href=\"https:\/\/www.cs.hhu.de\/lehrstuehle-und-arbeitsgruppen\/data-knowledge-engineering\/unser-team\/team\">Prof. Dr. Stefan Dietze<\/a><\/p><p>Universit\u00e4tsstr. 1<br \/>Geb\u00e4ude:\u00a025.12<br \/>Etage\/Raum:\u00a001.39<br \/>40225 D\u00fcsseldorf<\/p><p>+49 211 81-13785<br \/><a href=\"mailto:stefan.dietze@hhu.de\"> E-Mail<\/a><\/p>\t\t\t\t\t\t\t\t<\/div>\n\t\t\t\t<\/div>\n\t\t\t\t\t<\/div>\n\t\t<\/div>\n\t\t\t\t<div class=\"elementor-column elementor-col-50 elementor-top-column elementor-element elementor-element-ab78708\" data-id=\"ab78708\" data-element_type=\"column\" data-e-type=\"column\">\n\t\t\t<div class=\"elementor-widget-wrap elementor-element-populated\">\n\t\t\t\t\t\t<div class=\"elementor-element elementor-element-0ddc6af elementor-widget elementor-widget-text-editor\" data-id=\"0ddc6af\" data-element_type=\"widget\" data-e-type=\"widget\" data-widget_type=\"text-editor.default\">\n\t\t\t\t<div class=\"elementor-widget-container\">\n\t\t\t\t\t\t\t\t\t<p><a href=\"https:\/\/www.sozwiss.hhu.de\/institut\/abteilungen\/kommunikations-und-medienwissenschaft\/kmw-i\/prof-dr-frank-marcinkowski\">Prof. Dr. Frank Marcinkowski<\/a><\/p>\n<p>Ulenbergstra\u00dfe 127<br>Geb\u00e4ude:&nbsp;37.03<br>Etage\/Raum:&nbsp;2.19<br>40225 D\u00fcsseldorf<br><br>+49 211 81-12854<br><a href=\"mailto:Frank.Marcinkowski@phil.hhu.de\"> E-Mail<\/a><\/p>\t\t\t\t\t\t\t\t<\/div>\n\t\t\t\t<\/div>\n\t\t\t\t\t<\/div>\n\t\t<\/div>\n\t\t\t\t\t<\/div>\n\t\t<\/section>\n\t\t\t\t<\/div>\n\t\t","protected":false},"excerpt":{"rendered":"<p>Prof. Dr. Stefan Dietze Universit\u00e4tsstr. 1Geb\u00e4ude:\u00a025.12Etage\/Raum:\u00a001.3940225 D\u00fcsseldorf +49 211 81-13785 E-Mail Prof. Dr. Frank Marcinkowski Ulenbergstra\u00dfe 127Geb\u00e4ude:&nbsp;37.03Etage\/Raum:&nbsp;2.1940225 D\u00fcsseldorf +49 211 81-12854 E-Mail<\/p>\n","protected":false},"author":1,"featured_media":0,"parent":0,"menu_order":0,"comment_status":"closed","ping_status":"closed","template":"","meta":{"footnotes":""},"class_list":["post-83","page","type-page","status-publish","czr-hentry"],"_links":{"self":[{"href":"https:\/\/dd4p.gesis.org\/index.php\/wp-json\/wp\/v2\/pages\/83","targetHints":{"allow":["GET"]}}],"collection":[{"href":"https:\/\/dd4p.gesis.org\/index.php\/wp-json\/wp\/v2\/pages"}],"about":[{"href":"https:\/\/dd4p.gesis.org\/index.php\/wp-json\/wp\/v2\/types\/page"}],"author":[{"embeddable":true,"href":"https:\/\/dd4p.gesis.org\/index.php\/wp-json\/wp\/v2\/users\/1"}],"replies":[{"embeddable":true,"href":"https:\/\/dd4p.gesis.org\/index.php\/wp-json\/wp\/v2\/comments?post=83"}],"version-history":[{"count":12,"href":"https:\/\/dd4p.gesis.org\/index.php\/wp-json\/wp\/v2\/pages\/83\/revisions"}],"predecessor-version":[{"id":388,"href":"https:\/\/dd4p.gesis.org\/index.php\/wp-json\/wp\/v2\/pages\/83\/revisions\/388"}],"wp:attachment":[{"href":"https:\/\/dd4p.gesis.org\/index.php\/wp-json\/wp\/v2\/media?parent=83"}],"curies":[{"name":"wp","href":"https:\/\/api.w.org\/{rel}","templated":true}]}}